{"id":202,"date":"2015-01-01T21:54:05","date_gmt":"2015-01-01T20:54:05","guid":{"rendered":"http:\/\/dr-zigann.de\/?page_id=202"},"modified":"2015-06-21T13:49:57","modified_gmt":"2015-06-21T11:49:57","slug":"202-2","status":"publish","type":"page","link":"https:\/\/www.zigann.de\/?page_id=202","title":{"rendered":"Organisatorisches"},"content":{"rendered":"<p>Wir f\u00fchren eine Bestellpraxis und bitten Sie f\u00fcr planbare Untersuchungen um vorherige Terminabsprache. Bitte geben Sie dabei auch den Grund Ihres Besuches an, damit wir entsprechende Zeit f\u00fcr Sie reservieren k\u00f6nnen.<\/p>\n<p>Im Notfall stehen wir Ihnen selbstverst\u00e4ndlich auch ohne einen vorgemerkten Termin zur Verf\u00fcgung.<br \/>\nHaben Sie bitte Verst\u00e4ndnis daf\u00fcr, dass wir in einem solchen Fall keine Zusagen bez\u00fcglich der Wartezeit machen k\u00f6nnen.<\/p>\n<p>Bitte teilen Sie uns baldm\u00f6glichst mit, wenn Sie einen Termin nicht wahrnehmen k\u00f6nnen. Wir k\u00f6nnen diese Zeit dann einer anderen Patientin zur Verf\u00fcgung stellen. Dies ist besonders wichtig, wenn Ihr Termin in einer der h\u00e4ufig nachgefragten \u201eRandzeiten&#8220; liegt.<\/p>\n<p>Bringen Sie als gesetzlich Versicherte bitte immer Ihre Versichertenkarte mit<br \/>\nund\/oder einen \u00dcberweisungsschein.<\/p>\n<p>Geb\u00fchren f\u00fcr Privatleistungen k\u00f6nnen Sie in der Praxis entweder bar oder mit der EC-Karte bezahlen.<\/p>\n<p>Wiederholungsrezepte und \u00dcberweisungsscheine:<br \/>\nWenn Ihre Versichertenkarte in diesem Quartal bereits eingelesen ist, schicken wir Ihnen gerne Ihr Wiederholungsrezept oder \u00dcberweisungsscheine zu.<\/p>\n<p>Bei Dauerbehandlung k\u00f6nnen Wiederholungsrezepte telefonisch oder schriftlich bzw. \u00fcber E-Mail oder Fax angefordert werden.<br \/>\nDenken Sie dabei bitte an Ihre Versichertenkarte oder einen \u00dcberweisungsschein sowie einen frankierten R\u00fcckumschlag, wenn Sie Ihr Rezept nicht pers\u00f6nlich abholen k\u00f6nnen.<\/p>\n<p>Im Notfall:<br \/>\nSollten Sie kurzfristig Hilfe ben\u00f6tigen, melden Sie sich gerne jederzeit telefonisch oder pers\u00f6nlich w\u00e4hrend der Kernsprechzeiten bei uns. Wir werden gerne versuchen, Ihnen kurzfristig zu helfen.<\/p>\n<p>Au\u00dferhalb der \u00d6ffnungszeiten wenden Sie sich bitte an den \u00c4rztlichen Notdienst oder die umliegenden Krankenh\u00e4user. Wir haben die wichtigsten Kontakte f\u00fcr Sie auf der <a href=\"http:\/\/www.zigann.de\/?page_id=118\">Notfallseite<\/a> zusammengestellt.<\/p>\n<p>Wenn die Praxis w\u00e4hrend der Urlaubszeit oder aus anderen Gr\u00fcnden geschlossen ist, erfahren Sie \u00fcber die <a href=\"http:\/\/www.zigann.de\/?page_id=210\">Info-Seite<\/a> oder den Anrufbeantworter welche Kollegen f\u00fcr Sie erreichbar sind.<\/p>\n","protected":false},"excerpt":{"rendered":"<p>Wir f\u00fchren eine Bestellpraxis und bitten Sie f\u00fcr planbare Untersuchungen um vorherige Terminabsprache. Bitte geben Sie dabei auch den Grund Ihres Besuches an, damit wir entsprechende Zeit f\u00fcr Sie reservieren k\u00f6nnen. Im Notfall stehen wir Ihnen selbstverst\u00e4ndlich auch ohne einen vorgemerkten Termin zur Verf\u00fcgung. Haben Sie bitte Verst\u00e4ndnis daf\u00fcr, dass wir in einem solchen Fall [&hellip;]<\/p>\n","protected":false},"author":1,"featured_media":0,"parent":0,"menu_order":0,"comment_status":"open","ping_status":"open","template":"","meta":[],"_links":{"self":[{"href":"https:\/\/www.zigann.de\/index.php?rest_route=\/wp\/v2\/pages\/202"}],"collection":[{"href":"https:\/\/www.zigann.de\/index.php?rest_route=\/wp\/v2\/pages"}],"about":[{"href":"https:\/\/www.zigann.de\/index.php?rest_route=\/wp\/v2\/types\/page"}],"author":[{"embeddable":true,"href":"https:\/\/www.zigann.de\/index.php?rest_route=\/wp\/v2\/users\/1"}],"replies":[{"embeddable":true,"href":"https:\/\/www.zigann.de\/index.php?rest_route=%2Fwp%2Fv2%2Fcomments&post=202"}],"version-history":[{"count":5,"href":"https:\/\/www.zigann.de\/index.php?rest_route=\/wp\/v2\/pages\/202\/revisions"}],"predecessor-version":[{"id":299,"href":"https:\/\/www.zigann.de\/index.php?rest_route=\/wp\/v2\/pages\/202\/revisions\/299"}],"wp:attachment":[{"href":"https:\/\/www.zigann.de\/index.php?rest_route=%2Fwp%2Fv2%2Fmedia&parent=202"}],"curies":[{"name":"wp","href":"https:\/\/api.w.org\/{rel}","templated":true}]}}